{"id":3887,"date":"2023-10-25T21:13:03","date_gmt":"2023-10-25T21:13:03","guid":{"rendered":"https:\/\/martellarquitectos.com\/?page_id=3887"},"modified":"2023-11-01T19:14:24","modified_gmt":"2023-11-01T19:14:24","slug":"nosotros","status":"publish","type":"page","link":"https:\/\/martellarquitectos.com\/index.php\/nosotros\/","title":{"rendered":"NOSOTROS"},"content":{"rendered":"<p>[et_pb_section fb_built=\u00bb1&#8243; _builder_version=\u00bb4.14.2&#8243; _module_preset=\u00bbdefault\u00bb custom_padding=\u00bb||130px|||\u00bb global_colors_info=\u00bb{}\u00bb][\/et_pb_section][et_pb_section fb_built=\u00bb1&#8243; _builder_version=\u00bb4.14.2&#8243; _module_preset=\u00bbdefault\u00bb background_color=\u00bb#636363&#8243; custom_padding=\u00bb22px||14px|||\u00bb animation_style=\u00bbfade\u00bb animation_duration=\u00bb1300ms\u00bb global_colors_info=\u00bb{}\u00bb][et_pb_row _builder_version=\u00bb4.14.2&#8243; _module_preset=\u00bbdefault\u00bb global_colors_info=\u00bb{}\u00bb][et_pb_column type=\u00bb4_4&#8243; _builder_version=\u00bb4.14.2&#8243; _module_preset=\u00bbdefault\u00bb global_colors_info=\u00bb{}\u00bb][et_pb_text _builder_version=\u00bb4.14.2&#8243; _module_preset=\u00bbdefault\u00bb text_font=\u00bbComfortaa||||||||\u00bb text_text_color=\u00bb#FFFFFF\u00bb text_font_size=\u00bb18px\u00bb text_orientation=\u00bbcenter\u00bb global_colors_info=\u00bb{}\u00bb]<\/p>\n<p><strong>Fundado por los Arquitectos Jorge y M\u00f3nica Martell, somos un despacho que se especializa en Dise\u00f1o Arquitect\u00f3nico y en el desarrollo de Proyectos Ejecutivos, Urbanos y de Interiorismo. Por m\u00e1s de veinte a\u00f1os hemos formado un grupo de especialistas en arquitectura y construcci\u00f3n; combinando nuestra creatividad, conocimiento y experiencia, ofrecemos soluciones integrales de reconocido nivel.<\/strong><\/p>\n<p>[\/et_pb_text][\/et_pb_column][\/et_pb_row][\/et_pb_section][et_pb_section fb_built=\u00bb1&#8243; _builder_version=\u00bb4.14.2&#8243; _module_preset=\u00bbdefault\u00bb custom_padding=\u00bb60px||70px|||\u00bb global_colors_info=\u00bb{}\u00bb][et_pb_row column_structure=\u00bb1_4,3_4&#8243; make_equal=\u00bbon\u00bb _builder_version=\u00bb4.14.2&#8243; _module_preset=\u00bbdefault\u00bb animation_style=\u00bbfade\u00bb animation_duration=\u00bb1300ms\u00bb custom_css_main_element=\u00bbalign-items: center;\u00bb global_colors_info=\u00bb{}\u00bb][et_pb_column type=\u00bb1_4&#8243; _builder_version=\u00bb4.14.2&#8243; _module_preset=\u00bbdefault\u00bb global_colors_info=\u00bb{}\u00bb][et_pb_image src=\u00bbhttps:\/\/martellarquitectos.com\/wp-content\/uploads\/2023\/10\/MONICA-MARTELL-scaled.jpg\u00bb title_text=\u00bbMONICA MARTELL\u00bb _builder_version=\u00bb4.14.2&#8243; _module_preset=\u00bbdefault\u00bb width=\u00bb100%\u00bb global_colors_info=\u00bb{}\u00bb][\/et_pb_image][\/et_pb_column][et_pb_column type=\u00bb3_4&#8243; _builder_version=\u00bb4.14.2&#8243; _module_preset=\u00bbdefault\u00bb global_colors_info=\u00bb{}\u00bb][et_pb_text _builder_version=\u00bb4.14.2&#8243; _module_preset=\u00bbdefault\u00bb text_font=\u00bbComfortaa||||||||\u00bb text_font_size=\u00bb15px\u00bb module_alignment=\u00bbcenter\u00bb custom_css_main_element=\u00bbalign-items: center;\u00bb global_colors_info=\u00bb{}\u00bb]<\/p>\n<p><strong>M\u00d3NICA MARTELL<\/strong><\/p>\n<p>Arquitecta con veinte a\u00f1os de experiencia en M\u00e9xico y el extranjero, se ha especializado en dise\u00f1o y es Project Manager certificada por el PMI. Su trayectoria comprende proyectos en Las Vegas, Orlando y Ciudad de M\u00e9xico, Parques Tem\u00e1ticos en el Sureste del pa\u00eds y en las Bahamas, Residencias en Canc\u00fan y Cozumel, Hoteles en Canc\u00fan y Playa del Carmen, Proyectos Urbanos como la Remodelaci\u00f3n de la zona Centro de Canc\u00fan, y obras aeroportuarias como las oficinas corporativas de ASUR y la remodelaci\u00f3n del Aeropuerto de San Jos\u00e9 del Cabo.<\/p>\n<p>[\/et_pb_text][\/et_pb_column][\/et_pb_row][et_pb_row column_structure=\u00bb3_4,1_4&#8243; make_equal=\u00bbon\u00bb _builder_version=\u00bb4.14.2&#8243; _module_preset=\u00bbdefault\u00bb animation_style=\u00bbfade\u00bb animation_duration=\u00bb1300ms\u00bb custom_css_main_element=\u00bbalign-items: center;\u00bb global_colors_info=\u00bb{}\u00bb][et_pb_column type=\u00bb3_4&#8243; _builder_version=\u00bb4.14.2&#8243; _module_preset=\u00bbdefault\u00bb global_colors_info=\u00bb{}\u00bb][et_pb_text _builder_version=\u00bb4.14.2&#8243; _module_preset=\u00bbdefault\u00bb text_font=\u00bbComfortaa||||||||\u00bb text_font_size=\u00bb15px\u00bb text_orientation=\u00bbright\u00bb module_alignment=\u00bbcenter\u00bb custom_css_main_element=\u00bbalign-items: center;\u00bb global_colors_info=\u00bb{}\u00bb]<\/p>\n<p><strong>BLANCA GUEVARA<\/strong><\/p>\n<p>Egresada como Ingeniero Arquitecto del Instituto Polit\u00e9cnico Nacional, y certificada en el An\u00e1lisis de Precios Unitarios, ha desarrollado proyectos integrales en reconocidas firmas como las de Teodoro Gonz\u00e1lez de Le\u00f3n y Manolo Mestre. Su vasta experiencia en dise\u00f1o de Proyectos Arquitect\u00f3nicos en el centro del pa\u00eds, y en el control y supervisi\u00f3n de obras en el sureste de M\u00e9xico, abarca desde comercios y sucursales bancarias, hasta complejos residenciales y desarrollos multifamiliares. Siempre apasionada por la Arquitectura y la Construcci\u00f3n, en sus obras se refleja su inigualable pensamiento integral y su elegante atenci\u00f3n al detalle.<\/p>\n<p>[\/et_pb_text][\/et_pb_column][et_pb_column type=\u00bb1_4&#8243; _builder_version=\u00bb4.14.2&#8243; _module_preset=\u00bbdefault\u00bb global_colors_info=\u00bb{}\u00bb][et_pb_image src=\u00bbhttps:\/\/martellarquitectos.com\/wp-content\/uploads\/2023\/10\/BLANCA-GUEVARA-scaled.jpg\u00bb title_text=\u00bbBLANCA GUEVARA\u00bb _builder_version=\u00bb4.14.2&#8243; _module_preset=\u00bbdefault\u00bb width=\u00bb100%\u00bb global_colors_info=\u00bb{}\u00bb][\/et_pb_image][\/et_pb_column][\/et_pb_row][et_pb_row column_structure=\u00bb1_4,3_4&#8243; make_equal=\u00bbon\u00bb _builder_version=\u00bb4.14.2&#8243; _module_preset=\u00bbdefault\u00bb animation_style=\u00bbfade\u00bb animation_duration=\u00bb1300ms\u00bb custom_css_main_element=\u00bbalign-items: center;\u00bb global_colors_info=\u00bb{}\u00bb][et_pb_column type=\u00bb1_4&#8243; _builder_version=\u00bb4.14.2&#8243; _module_preset=\u00bbdefault\u00bb global_colors_info=\u00bb{}\u00bb][et_pb_image src=\u00bbhttps:\/\/martellarquitectos.com\/wp-content\/uploads\/2023\/10\/DAN-OROPEZA-scaled.jpg\u00bb title_text=\u00bbDAN OROPEZA\u00bb _builder_version=\u00bb4.14.2&#8243; _module_preset=\u00bbdefault\u00bb width=\u00bb100%\u00bb global_colors_info=\u00bb{}\u00bb][\/et_pb_image][\/et_pb_column][et_pb_column type=\u00bb3_4&#8243; _builder_version=\u00bb4.14.2&#8243; _module_preset=\u00bbdefault\u00bb global_colors_info=\u00bb{}\u00bb][et_pb_text _builder_version=\u00bb4.14.2&#8243; _module_preset=\u00bbdefault\u00bb text_font=\u00bbComfortaa||||||||\u00bb text_font_size=\u00bb15px\u00bb module_alignment=\u00bbcenter\u00bb custom_css_main_element=\u00bbalign-items: center;\u00bb global_colors_info=\u00bb{}\u00bb]<\/p>\n<p><strong>DAN OROPEZA<\/strong><\/p>\n<p>Siempre en estado creativo, es Arquitecto y Especialista en Iluminaci\u00f3n por la Universidad Aut\u00f3noma de Guadalajara, Campus Tabasco. Se especializa en Dise\u00f1o Arquitect\u00f3nico, Interiorismo y Renderizado, y su entusiasmo por la Arquitectura lo ha llevado a conceptualizar Parques Tem\u00e1ticos, Centros de Consumo como Tiendas y Restaurantes, Hoteles, Oficinas Corporativas y Proyectos Residenciales en la Riviera Maya, Bahamas y Jamaica. Tambi\u00e9n Escen\u00f3grafo y creador de originales conceptos para eventos y escenarios, es escritor y novelista, destacando su participaci\u00f3n como Coordinador Editorial en la Revista CUARQ (Cultura Arquitect\u00f3nica), y en la publicaci\u00f3n de diversas novelas de g\u00e9nero fant\u00e1stico a trav\u00e9s de Malix Editores. Es un verdadero apasionado de todos los tipos de dise\u00f1o y de expresi\u00f3n creativa.<\/p>\n<p>[\/et_pb_text][\/et_pb_column][\/et_pb_row][et_pb_row column_structure=\u00bb3_4,1_4&#8243; make_equal=\u00bbon\u00bb _builder_version=\u00bb4.14.2&#8243; _module_preset=\u00bbdefault\u00bb animation_style=\u00bbfade\u00bb animation_duration=\u00bb1300ms\u00bb custom_css_main_element=\u00bbalign-items: center;\u00bb global_colors_info=\u00bb{}\u00bb][et_pb_column type=\u00bb3_4&#8243; _builder_version=\u00bb4.14.2&#8243; _module_preset=\u00bbdefault\u00bb global_colors_info=\u00bb{}\u00bb][et_pb_text _builder_version=\u00bb4.14.2&#8243; _module_preset=\u00bbdefault\u00bb text_font=\u00bbComfortaa||||||||\u00bb text_font_size=\u00bb15px\u00bb text_orientation=\u00bbright\u00bb module_alignment=\u00bbcenter\u00bb custom_css_main_element=\u00bbalign-items: center;\u00bb global_colors_info=\u00bb{}\u00bb]<\/p>\n<p><strong>ZUYENT OCAMPO<\/strong><\/p>\n<p>Como Arquitecta egresada de la Universidad Tecnol\u00f3gica de M\u00e9xico, se especializa en la conceptualizaci\u00f3n, dise\u00f1o y renderizado de Proyectos Arquitect\u00f3nicos y Ejecutivos. Con experiencia en Proyectos Residenciales en la Riviera Maya, comprendiendo zonas habitacionales y zonas comunes o amenidades, es una entusiasta de los espacios naturales y org\u00e1nicos. Tambi\u00e9n tiene experiencia en la proyecci\u00f3n de campos de golf en Canc\u00fan, Yucat\u00e1n y Punta Cana, y est\u00e1 capacitada para realizar vuelos fotogram\u00e9tricos con drones rotativos implementando softwares como PIX4D y Civil 3D. Siempre en constante aprendizaje, amando y agradeciendo su profesi\u00f3n, experimenta con libertad y alegr\u00eda su creatividad e inteligencia, manteni\u00e9ndose atenta a la calidad de su trabajo, y haciendo uso de toda herramienta disponible que potencialice su experiencia.<\/p>\n<p>[\/et_pb_text][\/et_pb_column][et_pb_column type=\u00bb1_4&#8243; _builder_version=\u00bb4.14.2&#8243; _module_preset=\u00bbdefault\u00bb global_colors_info=\u00bb{}\u00bb][et_pb_image src=\u00bbhttps:\/\/martellarquitectos.com\/wp-content\/uploads\/2023\/10\/ZUYENT-OCAMPO-scaled.jpg\u00bb title_text=\u00bbZUYENT OCAMPO\u00bb _builder_version=\u00bb4.14.2&#8243; _module_preset=\u00bbdefault\u00bb width=\u00bb100%\u00bb global_colors_info=\u00bb{}\u00bb][\/et_pb_image][\/et_pb_column][\/et_pb_row][et_pb_row column_structure=\u00bb1_4,3_4&#8243; make_equal=\u00bbon\u00bb _builder_version=\u00bb4.14.2&#8243; _module_preset=\u00bbdefault\u00bb animation_style=\u00bbfade\u00bb animation_duration=\u00bb1300ms\u00bb custom_css_main_element=\u00bbalign-items: center;\u00bb global_colors_info=\u00bb{}\u00bb][et_pb_column type=\u00bb1_4&#8243; _builder_version=\u00bb4.14.2&#8243; _module_preset=\u00bbdefault\u00bb global_colors_info=\u00bb{}\u00bb][et_pb_image src=\u00bbhttps:\/\/martellarquitectos.com\/wp-content\/uploads\/2023\/10\/ALAN-QUIROZ-scaled.jpg\u00bb title_text=\u00bbALAN QUIROZ\u00bb _builder_version=\u00bb4.14.2&#8243; _module_preset=\u00bbdefault\u00bb width=\u00bb100%\u00bb global_colors_info=\u00bb{}\u00bb][\/et_pb_image][\/et_pb_column][et_pb_column type=\u00bb3_4&#8243; _builder_version=\u00bb4.14.2&#8243; _module_preset=\u00bbdefault\u00bb global_colors_info=\u00bb{}\u00bb][et_pb_text _builder_version=\u00bb4.14.2&#8243; _module_preset=\u00bbdefault\u00bb text_font=\u00bbComfortaa||||||||\u00bb text_font_size=\u00bb15px\u00bb module_alignment=\u00bbcenter\u00bb custom_css_main_element=\u00bbalign-items: center;\u00bb global_colors_info=\u00bb{}\u00bb]<\/p>\n<p><strong>ALAN QUIROZ<\/strong><\/p>\n<p>Egresado de la Universidad La Salle Canc\u00fan, especializado en el dise\u00f1o de espacios destinados a la vivienda, ha colaborado con Despachos de Dise\u00f1o Arquitect\u00f3nico en los que ha desarrollado m\u00f3dulos residenciales y multifamiliares. De igual forma se ha involucrado en el dise\u00f1o de diversos Proyectos Estructurales a base de Sistemas Prefabricados de Concreto Armado, tiene experiencia en la supervisi\u00f3n de Instalaciones Hidrosanitarias en campo, y ha trabajado de la mano de empresas de construcci\u00f3n en el extranjero desempe\u00f1ando funciones de Dise\u00f1o Arquitect\u00f3nico y Home Staying para la venta de inmuebles. Entusiasta por explorar siempre el constante desarrollo de viviendas y de espacios funcionales, busca destacar la armon\u00eda de cada proyecto para lograr la satisfacci\u00f3n de sus usuarios.<\/p>\n<p>[\/et_pb_text][\/et_pb_column][\/et_pb_row][\/et_pb_section][et_pb_section fb_built=\u00bb1&#8243; _builder_version=\u00bb4.14.2&#8243; _module_preset=\u00bbdefault\u00bb background_color=\u00bb#636363&#8243; custom_padding=\u00bb0px||0px|||\u00bb animation_style=\u00bbfade\u00bb animation_duration=\u00bb1300ms\u00bb motion_trigger_start=\u00bbbottom\u00bb hover_enabled=\u00bb0&#8243; locked=\u00bboff\u00bb global_colors_info=\u00bb{}\u00bb sticky_enabled=\u00bb0&#8243;][et_pb_row column_structure=\u00bb1_4,1_4,1_4,1_4&#8243; use_custom_gutter=\u00bbon\u00bb gutter_width=\u00bb2&#8243; make_equal=\u00bbon\u00bb _builder_version=\u00bb4.14.2&#8243; _module_preset=\u00bbdefault\u00bb width=\u00bb100%\u00bb max_width=\u00bb2560px\u00bb module_alignment=\u00bbcenter\u00bb hover_enabled=\u00bb0&#8243; custom_css_main_element=\u00bbalign-items: center;\u00bb global_colors_info=\u00bb{}\u00bb sticky_enabled=\u00bb0&#8243;][et_pb_column type=\u00bb1_4&#8243; _builder_version=\u00bb4.14.2&#8243; _module_preset=\u00bbdefault\u00bb global_colors_info=\u00bb{}\u00bb][et_pb_image src=\u00bbhttps:\/\/martellarquitectos.com\/wp-content\/uploads\/2023\/08\/LOGOTIPO-BCO.png\u00bb title_text=\u00bbLOGOTIPO BCO\u00bb align=\u00bbcenter\u00bb _builder_version=\u00bb4.14.2&#8243; _module_preset=\u00bbdefault\u00bb width=\u00bb45%\u00bb custom_margin=\u00bb0px||0px||false|false\u00bb hover_enabled=\u00bb0&#8243; global_colors_info=\u00bb{}\u00bb sticky_enabled=\u00bb0&#8243;][\/et_pb_image][\/et_pb_column][et_pb_column _builder_version=\u00bb4.14.2&#8243; _module_preset=\u00bbdefault\u00bb type=\u00bb1_4&#8243;][et_pb_text _builder_version=\u00bb4.14.2&#8243; _module_preset=\u00bbdefault\u00bb text_font=\u00bbComfortaa||||||||\u00bb text_text_color=\u00bb#FFFFFF\u00bb text_font_size=\u00bb20px\u00bb text_letter_spacing=\u00bb2px\u00bb text_line_height=\u00bb0.5em\u00bb custom_margin=\u00bb|||0px|false|false\u00bb custom_padding=\u00bb15px||10px||false|false\u00bb hover_enabled=\u00bb0&#8243; global_colors_info=\u00bb{}\u00bb text_orientation=\u00bbcenter\u00bb sticky_enabled=\u00bb0&#8243;]<\/p>\n<p>LOS CABOS<\/p>\n<p>[\/et_pb_text][et_pb_text _builder_version=\u00bb4.14.2&#8243; _module_preset=\u00bbdefault\u00bb text_font=\u00bbComfortaa||||||||\u00bb text_text_color=\u00bb#FFFFFF\u00bb text_font_size=\u00bb20px\u00bb text_letter_spacing=\u00bb2px\u00bb text_line_height=\u00bb0.5em\u00bb custom_margin=\u00bb|||0px|false|false\u00bb custom_padding=\u00bb15px||10px||false|false\u00bb hover_enabled=\u00bb0&#8243; global_colors_info=\u00bb{}\u00bb text_orientation=\u00bbcenter\u00bb sticky_enabled=\u00bb0&#8243;]<\/p>\n<p>RIVIERA MAYA<\/p>\n<p>[\/et_pb_text][et_pb_text _builder_version=\u00bb4.14.2&#8243; _module_preset=\u00bbdefault\u00bb text_font=\u00bbComfortaa||||||||\u00bb text_text_color=\u00bb#FFFFFF\u00bb text_font_size=\u00bb20px\u00bb text_letter_spacing=\u00bb2px\u00bb text_line_height=\u00bb0.5em\u00bb custom_margin=\u00bb|||0px|false|false\u00bb custom_padding=\u00bb15px||10px||false|false\u00bb global_colors_info=\u00bb{}\u00bb text_orientation=\u00bbcenter\u00bb hover_enabled=\u00bb0&#8243; sticky_enabled=\u00bb0&#8243;]<\/p>\n<p>JAMAICA<\/p>\n<p>[\/et_pb_text][\/et_pb_column][et_pb_column type=\u00bb1_4&#8243; _builder_version=\u00bb4.14.2&#8243; _module_preset=\u00bbdefault\u00bb hover_enabled=\u00bb0&#8243; global_colors_info=\u00bb{}\u00bb sticky_enabled=\u00bb0&#8243;][et_pb_text _builder_version=\u00bb4.14.2&#8243; _module_preset=\u00bbdefault\u00bb text_font=\u00bbComfortaa||||||||\u00bb text_text_color=\u00bb#FFFFFF\u00bb text_letter_spacing=\u00bb2px\u00bb text_line_height=\u00bb1em\u00bb custom_margin=\u00bb|0px||0px|false|false\u00bb hover_enabled=\u00bb0&#8243; global_colors_info=\u00bb{}\u00bb text_orientation=\u00bbcenter\u00bb sticky_enabled=\u00bb0&#8243; custom_padding=\u00bb20px||20px||false|false\u00bb]<\/p>\n<p>contacto@martellarquitectos.com<\/p>\n<p>[\/et_pb_text][\/et_pb_column][et_pb_column type=\u00bb1_4&#8243; _builder_version=\u00bb4.14.2&#8243; _module_preset=\u00bbdefault\u00bb global_colors_info=\u00bb{}\u00bb][et_pb_text _builder_version=\u00bb4.14.2&#8243; _module_preset=\u00bbdefault\u00bb text_font=\u00bbComfortaa||||||||\u00bb text_text_color=\u00bb#FFFFFF\u00bb text_letter_spacing=\u00bb2px\u00bb text_line_height=\u00bb0.5em\u00bb custom_margin=\u00bb|||0px|false|false\u00bb custom_padding=\u00bb10px||10px||false|false\u00bb link_option_url=\u00bbhttps:\/\/www.facebook.com\/MartellArq\u00bb link_option_url_new_window=\u00bbon\u00bb hover_enabled=\u00bb0&#8243; global_colors_info=\u00bb{}\u00bb text_orientation=\u00bbcenter\u00bb sticky_enabled=\u00bb0&#8243;]<\/p>\n<p>FACEBOOK<\/p>\n<p>[\/et_pb_text][et_pb_text _builder_version=\u00bb4.14.2&#8243; _module_preset=\u00bbdefault\u00bb text_font=\u00bbComfortaa||||||||\u00bb text_text_color=\u00bb#FFFFFF\u00bb text_letter_spacing=\u00bb2px\u00bb text_line_height=\u00bb0.5em\u00bb custom_margin=\u00bb|||0px|false|false\u00bb custom_padding=\u00bb10px||10px||false|false\u00bb link_option_url=\u00bbhttps:\/\/www.instagram.com\/martellarq\u00bb link_option_url_new_window=\u00bbon\u00bb hover_enabled=\u00bb0&#8243; global_colors_info=\u00bb{}\u00bb text_orientation=\u00bbcenter\u00bb sticky_enabled=\u00bb0&#8243;]<\/p>\n<p>INSTAGRAM<\/p>\n<p>[\/et_pb_text][\/et_pb_column][\/et_pb_row][\/et_pb_section][et_pb_section fb_built=\u00bb1&#8243; _builder_version=\u00bb4.14.2&#8243; _module_preset=\u00bbdefault\u00bb background_color=\u00bbRGBA(255,255,255,0)\u00bb use_background_color_gradient=\u00bbon\u00bb background_color_gradient_start=\u00bbrgba(255,255,255,0)\u00bb background_color_gradient_end=\u00bbrgba(255,255,255,0)\u00bb positioning=\u00bbabsolute\u00bb custom_padding=\u00bb0px||0px|||\u00bb animation_style=\u00bbfade\u00bb animation_duration=\u00bb1300ms\u00bb locked=\u00bboff\u00bb global_colors_info=\u00bb{}\u00bb][et_pb_row _builder_version=\u00bb4.14.2&#8243; _module_preset=\u00bbdefault\u00bb background_color=\u00bbRGBA(255,255,255,0)\u00bb custom_padding=\u00bb0px||0px|||\u00bb global_colors_info=\u00bb{}\u00bb][et_pb_column type=\u00bb4_4&#8243; _builder_version=\u00bb4.14.2&#8243; _module_preset=\u00bbdefault\u00bb global_colors_info=\u00bb{}\u00bb][et_pb_menu menu_style=\u00bbinline_centered_logo\u00bb submenu_direction=\u00bbdownwards\u00bb logo=\u00bbhttps:\/\/martellarquitectos.com\/wp-content\/uploads\/2023\/08\/ICONO-GRAY.png\u00bb logo_width=\u00bb15%\u00bb _builder_version=\u00bb4.14.2&#8243; _module_preset=\u00bbdefault\u00bb menu_font=\u00bbComfortaa||||||||\u00bb menu_text_color=\u00bb#636363&#8243; menu_font_size=\u00bb20px\u00bb menu_letter_spacing=\u00bb1px\u00bb background_color=\u00bbRGBA(255,255,255,0)\u00bb z_index=\u00bb0&#8243; module_alignment=\u00bbcenter\u00bb custom_margin=\u00bb0px|||0px|false|false\u00bb global_colors_info=\u00bb{}\u00bb][\/et_pb_menu][\/et_pb_column][\/et_pb_row][\/et_pb_section]<\/p>\n","protected":false},"excerpt":{"rendered":"<p>Fundado por los Arquitectos Jorge y M\u00f3nica Martell, somos un despacho que se especializa en Dise\u00f1o Arquitect\u00f3nico y en el desarrollo de Proyectos Ejecutivos, Urbanos y de Interiorismo. Por m\u00e1s de veinte a\u00f1os hemos formado un grupo de especialistas en arquitectura y construcci\u00f3n; combinando nuestra creatividad, conocimiento y experiencia, ofrecemos soluciones integrales de reconocido nivel.M\u00d3NICA [&hellip;]<\/p>\n","protected":false},"author":2,"featured_media":0,"parent":0,"menu_order":0,"comment_status":"closed","ping_status":"closed","template":"page-template-blank.php","meta":{"_et_pb_use_builder":"on","_et_pb_old_content":"","_et_gb_content_width":"","om_disable_all_campaigns":false,"_mi_skip_tracking":false,"_monsterinsights_sitenote_active":false,"_monsterinsights_sitenote_note":"","_monsterinsights_sitenote_category":0,"footnotes":""},"aioseo_notices":[],"_links":{"self":[{"href":"https:\/\/martellarquitectos.com\/index.php\/wp-json\/wp\/v2\/pages\/3887"}],"collection":[{"href":"https:\/\/martellarquitectos.com\/index.php\/wp-json\/wp\/v2\/pages"}],"about":[{"href":"https:\/\/martellarquitectos.com\/index.php\/wp-json\/wp\/v2\/types\/page"}],"author":[{"embeddable":true,"href":"https:\/\/martellarquitectos.com\/index.php\/wp-json\/wp\/v2\/users\/2"}],"replies":[{"embeddable":true,"href":"https:\/\/martellarquitectos.com\/index.php\/wp-json\/wp\/v2\/comments?post=3887"}],"version-history":[{"count":31,"href":"https:\/\/martellarquitectos.com\/index.php\/wp-json\/wp\/v2\/pages\/3887\/revisions"}],"predecessor-version":[{"id":4062,"href":"https:\/\/martellarquitectos.com\/index.php\/wp-json\/wp\/v2\/pages\/3887\/revisions\/4062"}],"wp:attachment":[{"href":"https:\/\/martellarquitectos.com\/index.php\/wp-json\/wp\/v2\/media?parent=3887"}],"curies":[{"name":"wp","href":"https:\/\/api.w.org\/{rel}","templated":true}]}}