{"id":3883,"date":"2023-10-25T21:12:34","date_gmt":"2023-10-25T21:12:34","guid":{"rendered":"https:\/\/martellarquitectos.com\/?page_id=3883"},"modified":"2023-11-01T19:13:47","modified_gmt":"2023-11-01T19:13:47","slug":"servicios","status":"publish","type":"page","link":"https:\/\/martellarquitectos.com\/index.php\/servicios\/","title":{"rendered":"SERVICIOS"},"content":{"rendered":"<p>[et_pb_section fb_built=\u00bb1&#8243; _builder_version=\u00bb4.14.2&#8243; _module_preset=\u00bbdefault\u00bb global_colors_info=\u00bb{}\u00bb][et_pb_row _builder_version=\u00bb4.14.2&#8243; _module_preset=\u00bbdefault\u00bb global_colors_info=\u00bb{}\u00bb][et_pb_column type=\u00bb4_4&#8243; _builder_version=\u00bb4.14.2&#8243; _module_preset=\u00bbdefault\u00bb global_colors_info=\u00bb{}\u00bb][\/et_pb_column][\/et_pb_row][\/et_pb_section][et_pb_section fb_built=\u00bb1&#8243; _builder_version=\u00bb4.14.2&#8243; _module_preset=\u00bbdefault\u00bb background_color=\u00bbRGBA(255,255,255,0)\u00bb custom_margin=\u00bb0px|||0px|false|false\u00bb custom_padding=\u00bb25px||25px||false|false\u00bb animation_style=\u00bbfade\u00bb animation_duration=\u00bb1300ms\u00bb global_colors_info=\u00bb{}\u00bb][et_pb_row column_structure=\u00bb1_3,1_3,1_3&#8243; make_equal=\u00bbon\u00bb _builder_version=\u00bb4.14.2&#8243; _module_preset=\u00bbdefault\u00bb width=\u00bb100%\u00bb max_width=\u00bb1250px\u00bb custom_margin=\u00bb|auto|13px|auto||\u00bb global_colors_info=\u00bb{}\u00bb][et_pb_column type=\u00bb1_3&#8243; _builder_version=\u00bb4.14.2&#8243; _module_preset=\u00bbdefault\u00bb global_colors_info=\u00bb{}\u00bb][et_pb_image src=\u00bbhttps:\/\/martellarquitectos.com\/wp-content\/uploads\/2023\/10\/01S.png\u00bb title_text=\u00bb01S\u00bb align=\u00bbcenter\u00bb _builder_version=\u00bb4.14.2&#8243; _module_preset=\u00bbdefault\u00bb width=\u00bb100%\u00bb custom_margin=\u00bb||19px|||\u00bb global_colors_info=\u00bb{}\u00bb][\/et_pb_image][et_pb_text _builder_version=\u00bb4.14.2&#8243; _module_preset=\u00bbdefault\u00bb text_font=\u00bbComfortaa||||||||\u00bb text_text_color=\u00bb#FFFFFF\u00bb text_font_size=\u00bb27px\u00bb text_line_height=\u00bb1em\u00bb background_color=\u00bb#666666&#8243; text_orientation=\u00bbcenter\u00bb custom_margin=\u00bb-20px||35px||false|false\u00bb custom_padding=\u00bb40px||8px||false|false\u00bb locked=\u00bboff\u00bb global_colors_info=\u00bb{}\u00bb]<\/p>\n<p><strong>DISE\u00d1O<\/strong><\/p>\n<p>[\/et_pb_text][et_pb_text _builder_version=\u00bb4.14.2&#8243; _module_preset=\u00bbdefault\u00bb text_font=\u00bbComfortaa||||||||\u00bb text_text_color=\u00bb#FFFFFF\u00bb text_line_height=\u00bb1.1em\u00bb background_color=\u00bb#666666&#8243; text_orientation=\u00bbcenter\u00bb custom_margin=\u00bb-35px||0px|0px|false|false\u00bb custom_padding=\u00bb35px|20px|130px|20px|false|false\u00bb locked=\u00bboff\u00bb global_colors_info=\u00bb{}\u00bb]<\/p>\n<p><em><strong>&#8211; CONCEPTUALIZACI\u00d3N &#8211;<\/strong><\/em><\/p>\n<p>Propuestas de Zonificaci\u00f3n, Forma y Funcionamiento<\/p>\n<p>&nbsp;<\/p>\n<p><em><strong>&#8211; RENDERISMO &#8211;<\/strong><\/em><\/p>\n<p>Modelo en 3D interior y exterior, Perspectivas y Recorridos Virtuales<\/p>\n<p>&nbsp;<\/p>\n<p><em><strong>&#8211; PROYECTO ARQUITECT\u00d3NICO &#8211;<\/strong><\/em><\/p>\n<p>Planos, Secciones y Alzados Arquitect\u00f3nicos<\/p>\n<p>[\/et_pb_text][\/et_pb_column][et_pb_column type=\u00bb1_3&#8243; _builder_version=\u00bb4.14.2&#8243; _module_preset=\u00bbdefault\u00bb global_colors_info=\u00bb{}\u00bb][et_pb_image src=\u00bbhttps:\/\/martellarquitectos.com\/wp-content\/uploads\/2023\/10\/02S.png\u00bb title_text=\u00bb02S\u00bb align=\u00bbcenter\u00bb _builder_version=\u00bb4.14.2&#8243; _module_preset=\u00bbdefault\u00bb width=\u00bb100%\u00bb custom_margin=\u00bb||19px|||\u00bb global_colors_info=\u00bb{}\u00bb][\/et_pb_image][et_pb_text _builder_version=\u00bb4.14.2&#8243; _module_preset=\u00bbdefault\u00bb text_font=\u00bbComfortaa||||||||\u00bb text_text_color=\u00bb#FFFFFF\u00bb text_font_size=\u00bb27px\u00bb text_line_height=\u00bb1em\u00bb background_color=\u00bb#666666&#8243; text_orientation=\u00bbcenter\u00bb custom_margin=\u00bb-20px||35px||false|false\u00bb custom_padding=\u00bb40px||8px||false|false\u00bb locked=\u00bboff\u00bb global_colors_info=\u00bb{}\u00bb]<\/p>\n<p><strong>PROYECTO EJECUTIVO<\/strong><\/p>\n<p>[\/et_pb_text][et_pb_text _builder_version=\u00bb4.14.2&#8243; _module_preset=\u00bbdefault\u00bb text_font=\u00bbComfortaa||||||||\u00bb text_text_color=\u00bb#FFFFFF\u00bb text_line_height=\u00bb1.1em\u00bb background_color=\u00bb#666666&#8243; text_orientation=\u00bbcenter\u00bb custom_margin=\u00bb-35px||30px|0px|false|false\u00bb custom_padding=\u00bb35px|20px|58px|20px|false|false\u00bb locked=\u00bboff\u00bb global_colors_info=\u00bb{}\u00bb]<\/p>\n<p><em><strong>&#8211; DESARROLLO DE PROYECTO EJECUTIVO &#8211;<\/strong><\/em><\/p>\n<p>Planos y Detalles Constructivos de Acabados, Carpinter\u00eda, Canceler\u00eda, etc.<\/p>\n<p>&nbsp;<\/p>\n<p><em><strong>&#8211; SUPERVISI\u00d3N DE INGENIER\u00cdAS &#8211;<\/strong><\/em><\/p>\n<p>Proyectos Estructurales y de Instalaciones<\/p>\n<p>&nbsp;<\/p>\n<p><strong><em>&#8211; PROYECTO DE INTERIORISMO &#8211;<\/em><\/strong><\/p>\n<p>Cat\u00e1logos de Decoraci\u00f3n y de Mobiliario<\/p>\n<p>&nbsp;<\/p>\n<p><strong><em>&#8211; BRANDING &#8211;<\/em><\/strong><\/p>\n<p>Dise\u00f1o Integral de Marca para Proyectos<\/p>\n<p>[\/et_pb_text][\/et_pb_column][et_pb_column type=\u00bb1_3&#8243; _builder_version=\u00bb4.14.2&#8243; _module_preset=\u00bbdefault\u00bb global_colors_info=\u00bb{}\u00bb][et_pb_image src=\u00bbhttps:\/\/martellarquitectos.com\/wp-content\/uploads\/2023\/10\/03S.png\u00bb title_text=\u00bb03S\u00bb align=\u00bbcenter\u00bb _builder_version=\u00bb4.14.2&#8243; _module_preset=\u00bbdefault\u00bb width=\u00bb100%\u00bb custom_margin=\u00bb||19px|||\u00bb global_colors_info=\u00bb{}\u00bb][\/et_pb_image][et_pb_text _builder_version=\u00bb4.14.2&#8243; _module_preset=\u00bbdefault\u00bb text_font=\u00bbComfortaa||||||||\u00bb text_text_color=\u00bb#FFFFFF\u00bb text_font_size=\u00bb27px\u00bb text_line_height=\u00bb1em\u00bb background_color=\u00bb#666666&#8243; text_orientation=\u00bbcenter\u00bb custom_margin=\u00bb-20px||35px||false|false\u00bb custom_padding=\u00bb40px||8px||false|false\u00bb locked=\u00bboff\u00bb global_colors_info=\u00bb{}\u00bb]<\/p>\n<p><strong>CONSTRUCCI\u00d3N<\/strong><\/p>\n<p>[\/et_pb_text][et_pb_text _builder_version=\u00bb4.14.2&#8243; _module_preset=\u00bbdefault\u00bb text_font=\u00bbComfortaa||||||||\u00bb text_text_color=\u00bb#FFFFFF\u00bb text_line_height=\u00bb1.1em\u00bb background_color=\u00bb#666666&#8243; text_orientation=\u00bbcenter\u00bb custom_margin=\u00bb-35px||0px|0px|false|false\u00bb custom_padding=\u00bb35px|20px|27px|20px|false|false\u00bb locked=\u00bboff\u00bb global_colors_info=\u00bb{}\u00bb]<\/p>\n<p><em><strong>&#8211; PROGRAMACI\u00d3N DE OBRA &#8211;<\/strong><\/em><\/p>\n<p>Creaci\u00f3n de Cat\u00e1logo de Conceptos, Presupuesto y Calendario de Obra<\/p>\n<p>&nbsp;<\/p>\n<p><strong><em>&#8211; INTEGRACI\u00d3N DE ESPECIALIDADES &#8211;<\/em><\/strong><\/p>\n<p>Concurso y Supervisi\u00f3n de Proveedores<\/p>\n<p>&nbsp;<\/p>\n<p><strong><em>&#8211; EDIFICACI\u00d3N EN GENERAL &#8211;<\/em><\/strong><\/p>\n<p>Construcci\u00f3n, Remodelaci\u00f3n y Mantenimiento<\/p>\n<p>&nbsp;<\/p>\n<p><strong><em>&#8211; GERENCIA DE PROYECTO EN OBRA &#8211;<\/em><\/strong><\/p>\n<p>Control de Proyecto, Presupuesto y Contratos en Obra<\/p>\n<p>[\/et_pb_text][\/et_pb_column][\/et_pb_row][\/et_pb_section][et_pb_section fb_built=\u00bb1&#8243; _builder_version=\u00bb4.14.2&#8243; _module_preset=\u00bbdefault\u00bb background_color=\u00bb#636363&#8243; custom_padding=\u00bb0px||0px|||\u00bb animation_style=\u00bbfade\u00bb animation_duration=\u00bb1300ms\u00bb motion_trigger_start=\u00bbbottom\u00bb hover_enabled=\u00bb0&#8243; locked=\u00bboff\u00bb global_colors_info=\u00bb{}\u00bb sticky_enabled=\u00bb0&#8243;][et_pb_row column_structure=\u00bb1_4,1_4,1_4,1_4&#8243; use_custom_gutter=\u00bbon\u00bb gutter_width=\u00bb2&#8243; make_equal=\u00bbon\u00bb _builder_version=\u00bb4.14.2&#8243; _module_preset=\u00bbdefault\u00bb width=\u00bb100%\u00bb max_width=\u00bb2560px\u00bb module_alignment=\u00bbcenter\u00bb hover_enabled=\u00bb0&#8243; custom_css_main_element=\u00bbalign-items: center;\u00bb global_colors_info=\u00bb{}\u00bb sticky_enabled=\u00bb0&#8243;][et_pb_column type=\u00bb1_4&#8243; _builder_version=\u00bb4.14.2&#8243; _module_preset=\u00bbdefault\u00bb global_colors_info=\u00bb{}\u00bb][et_pb_image src=\u00bbhttps:\/\/martellarquitectos.com\/wp-content\/uploads\/2023\/08\/LOGOTIPO-BCO.png\u00bb title_text=\u00bbLOGOTIPO BCO\u00bb align=\u00bbcenter\u00bb _builder_version=\u00bb4.14.2&#8243; _module_preset=\u00bbdefault\u00bb width=\u00bb45%\u00bb custom_margin=\u00bb0px||0px||false|false\u00bb hover_enabled=\u00bb0&#8243; global_colors_info=\u00bb{}\u00bb sticky_enabled=\u00bb0&#8243;][\/et_pb_image][\/et_pb_column][et_pb_column _builder_version=\u00bb4.14.2&#8243; _module_preset=\u00bbdefault\u00bb type=\u00bb1_4&#8243;][et_pb_text _builder_version=\u00bb4.14.2&#8243; _module_preset=\u00bbdefault\u00bb text_font=\u00bbComfortaa||||||||\u00bb text_text_color=\u00bb#FFFFFF\u00bb text_font_size=\u00bb20px\u00bb text_letter_spacing=\u00bb2px\u00bb text_line_height=\u00bb0.5em\u00bb custom_margin=\u00bb|||0px|false|false\u00bb custom_padding=\u00bb15px||10px||false|false\u00bb hover_enabled=\u00bb0&#8243; global_colors_info=\u00bb{}\u00bb text_orientation=\u00bbcenter\u00bb sticky_enabled=\u00bb0&#8243;]<\/p>\n<p>LOS CABOS<\/p>\n<p>[\/et_pb_text][et_pb_text _builder_version=\u00bb4.14.2&#8243; _module_preset=\u00bbdefault\u00bb text_font=\u00bbComfortaa||||||||\u00bb text_text_color=\u00bb#FFFFFF\u00bb text_font_size=\u00bb20px\u00bb text_letter_spacing=\u00bb2px\u00bb text_line_height=\u00bb0.5em\u00bb custom_margin=\u00bb|||0px|false|false\u00bb custom_padding=\u00bb15px||10px||false|false\u00bb hover_enabled=\u00bb0&#8243; global_colors_info=\u00bb{}\u00bb text_orientation=\u00bbcenter\u00bb sticky_enabled=\u00bb0&#8243;]<\/p>\n<p>RIVIERA MAYA<\/p>\n<p>[\/et_pb_text][et_pb_text _builder_version=\u00bb4.14.2&#8243; _module_preset=\u00bbdefault\u00bb text_font=\u00bbComfortaa||||||||\u00bb text_text_color=\u00bb#FFFFFF\u00bb text_font_size=\u00bb20px\u00bb text_letter_spacing=\u00bb2px\u00bb text_line_height=\u00bb0.5em\u00bb custom_margin=\u00bb|||0px|false|false\u00bb custom_padding=\u00bb15px||10px||false|false\u00bb global_colors_info=\u00bb{}\u00bb text_orientation=\u00bbcenter\u00bb hover_enabled=\u00bb0&#8243; sticky_enabled=\u00bb0&#8243;]<\/p>\n<p>JAMAICA<\/p>\n<p>[\/et_pb_text][\/et_pb_column][et_pb_column type=\u00bb1_4&#8243; _builder_version=\u00bb4.14.2&#8243; _module_preset=\u00bbdefault\u00bb hover_enabled=\u00bb0&#8243; global_colors_info=\u00bb{}\u00bb sticky_enabled=\u00bb0&#8243;][et_pb_text _builder_version=\u00bb4.14.2&#8243; _module_preset=\u00bbdefault\u00bb text_font=\u00bbComfortaa||||||||\u00bb text_text_color=\u00bb#FFFFFF\u00bb text_letter_spacing=\u00bb2px\u00bb text_line_height=\u00bb1em\u00bb custom_margin=\u00bb|0px||0px|false|false\u00bb hover_enabled=\u00bb0&#8243; global_colors_info=\u00bb{}\u00bb text_orientation=\u00bbcenter\u00bb sticky_enabled=\u00bb0&#8243; custom_padding=\u00bb20px||20px||false|false\u00bb]<\/p>\n<p>contacto@martellarquitectos.com<\/p>\n<p>[\/et_pb_text][\/et_pb_column][et_pb_column type=\u00bb1_4&#8243; _builder_version=\u00bb4.14.2&#8243; _module_preset=\u00bbdefault\u00bb global_colors_info=\u00bb{}\u00bb][et_pb_text _builder_version=\u00bb4.14.2&#8243; _module_preset=\u00bbdefault\u00bb text_font=\u00bbComfortaa||||||||\u00bb text_text_color=\u00bb#FFFFFF\u00bb text_letter_spacing=\u00bb2px\u00bb text_line_height=\u00bb0.5em\u00bb custom_margin=\u00bb|||0px|false|false\u00bb custom_padding=\u00bb10px||10px||false|false\u00bb link_option_url=\u00bbhttps:\/\/www.facebook.com\/MartellArq\u00bb link_option_url_new_window=\u00bbon\u00bb hover_enabled=\u00bb0&#8243; global_colors_info=\u00bb{}\u00bb text_orientation=\u00bbcenter\u00bb sticky_enabled=\u00bb0&#8243;]<\/p>\n<p>FACEBOOK<\/p>\n<p>[\/et_pb_text][et_pb_text _builder_version=\u00bb4.14.2&#8243; _module_preset=\u00bbdefault\u00bb text_font=\u00bbComfortaa||||||||\u00bb text_text_color=\u00bb#FFFFFF\u00bb text_letter_spacing=\u00bb2px\u00bb text_line_height=\u00bb0.5em\u00bb custom_margin=\u00bb|||0px|false|false\u00bb custom_padding=\u00bb10px||10px||false|false\u00bb link_option_url=\u00bbhttps:\/\/www.instagram.com\/martellarq\u00bb link_option_url_new_window=\u00bbon\u00bb hover_enabled=\u00bb0&#8243; global_colors_info=\u00bb{}\u00bb text_orientation=\u00bbcenter\u00bb sticky_enabled=\u00bb0&#8243;]<\/p>\n<p>INSTAGRAM<\/p>\n<p>[\/et_pb_text][\/et_pb_column][\/et_pb_row][\/et_pb_section][et_pb_section fb_built=\u00bb1&#8243; _builder_version=\u00bb4.14.2&#8243; _module_preset=\u00bbdefault\u00bb background_color=\u00bbRGBA(255,255,255,0)\u00bb use_background_color_gradient=\u00bbon\u00bb background_color_gradient_start=\u00bbrgba(255,255,255,0)\u00bb background_color_gradient_end=\u00bbrgba(255,255,255,0)\u00bb positioning=\u00bbabsolute\u00bb custom_padding=\u00bb0px||0px|||\u00bb animation_style=\u00bbfade\u00bb animation_duration=\u00bb1300ms\u00bb locked=\u00bboff\u00bb global_colors_info=\u00bb{}\u00bb][et_pb_row _builder_version=\u00bb4.14.2&#8243; _module_preset=\u00bbdefault\u00bb background_color=\u00bbRGBA(255,255,255,0)\u00bb custom_padding=\u00bb0px||0px|||\u00bb global_colors_info=\u00bb{}\u00bb][et_pb_column type=\u00bb4_4&#8243; _builder_version=\u00bb4.14.2&#8243; _module_preset=\u00bbdefault\u00bb global_colors_info=\u00bb{}\u00bb][et_pb_menu menu_style=\u00bbinline_centered_logo\u00bb submenu_direction=\u00bbdownwards\u00bb logo=\u00bbhttps:\/\/martellarquitectos.com\/wp-content\/uploads\/2023\/08\/ICONO-GRAY.png\u00bb logo_width=\u00bb15%\u00bb _builder_version=\u00bb4.14.2&#8243; _module_preset=\u00bbdefault\u00bb menu_font=\u00bbComfortaa||||||||\u00bb menu_text_color=\u00bb#636363&#8243; menu_font_size=\u00bb20px\u00bb menu_letter_spacing=\u00bb1px\u00bb background_color=\u00bbRGBA(255,255,255,0)\u00bb z_index=\u00bb0&#8243; module_alignment=\u00bbcenter\u00bb custom_margin=\u00bb0px|||0px|false|false\u00bb global_colors_info=\u00bb{}\u00bb][\/et_pb_menu][\/et_pb_column][\/et_pb_row][\/et_pb_section]<\/p>\n","protected":false},"excerpt":{"rendered":"<p>DISE\u00d1O- CONCEPTUALIZACI\u00d3N &#8211; Propuestas de Zonificaci\u00f3n, Forma y Funcionamiento &nbsp; &#8211; RENDERISMO &#8211; Modelo en 3D interior y exterior, Perspectivas y Recorridos Virtuales &nbsp; &#8211; PROYECTO ARQUITECT\u00d3NICO &#8211; Planos, Secciones y Alzados Arquitect\u00f3nicosPROYECTO EJECUTIVO- DESARROLLO DE PROYECTO EJECUTIVO &#8211; Planos y Detalles Constructivos de Acabados, Carpinter\u00eda, Canceler\u00eda, etc. &nbsp; &#8211; SUPERVISI\u00d3N DE INGENIER\u00cdAS &#8211; Proyectos [&hellip;]<\/p>\n","protected":false},"author":2,"featured_media":0,"parent":0,"menu_order":0,"comment_status":"closed","ping_status":"closed","template":"page-template-blank.php","meta":{"_et_pb_use_builder":"on","_et_pb_old_content":"","_et_gb_content_width":"","om_disable_all_campaigns":false,"_mi_skip_tracking":false,"_monsterinsights_sitenote_active":false,"_monsterinsights_sitenote_note":"","_monsterinsights_sitenote_category":0,"footnotes":""},"aioseo_notices":[],"_links":{"self":[{"href":"https:\/\/martellarquitectos.com\/index.php\/wp-json\/wp\/v2\/pages\/3883"}],"collection":[{"href":"https:\/\/martellarquitectos.com\/index.php\/wp-json\/wp\/v2\/pages"}],"about":[{"href":"https:\/\/martellarquitectos.com\/index.php\/wp-json\/wp\/v2\/types\/page"}],"author":[{"embeddable":true,"href":"https:\/\/martellarquitectos.com\/index.php\/wp-json\/wp\/v2\/users\/2"}],"replies":[{"embeddable":true,"href":"https:\/\/martellarquitectos.com\/index.php\/wp-json\/wp\/v2\/comments?post=3883"}],"version-history":[{"count":34,"href":"https:\/\/martellarquitectos.com\/index.php\/wp-json\/wp\/v2\/pages\/3883\/revisions"}],"predecessor-version":[{"id":4061,"href":"https:\/\/martellarquitectos.com\/index.php\/wp-json\/wp\/v2\/pages\/3883\/revisions\/4061"}],"wp:attachment":[{"href":"https:\/\/martellarquitectos.com\/index.php\/wp-json\/wp\/v2\/media?parent=3883"}],"curies":[{"name":"wp","href":"https:\/\/api.w.org\/{rel}","templated":true}]}}